{"id":29,"date":"2021-06-11T11:27:33","date_gmt":"2021-06-11T11:27:33","guid":{"rendered":"http:\/\/s-lc.ch\/?page_id=29"},"modified":"2021-08-20T15:19:24","modified_gmt":"2021-08-20T15:19:24","slug":"portrait","status":"publish","type":"page","link":"https:\/\/s-lc.ch\/?page_id=29","title":{"rendered":"Portrait"},"content":{"rendered":"\t\t<div data-elementor-type=\"wp-page\" data-elementor-id=\"29\" class=\"elementor elementor-29\" data-elementor-settings=\"[]\">\n\t\t\t\t\t\t\t<div class=\"elementor-section-wrap\">\n\t\t\t\t\t\t\t<section class=\"elementor-section elementor-top-section elementor-element elementor-element-6b044cb elementor-section-boxed elementor-section-height-default elementor-section-height-default\" data-id=\"6b044cb\" data-element_type=\"section\">\n\t\t\t\t\t\t<div class=\"elementor-container elementor-column-gap-default\">\n\t\t\t\t\t<div class=\"elementor-column elementor-col-33 elementor-top-column elementor-element elementor-element-7159444\" data-id=\"7159444\" data-element_type=\"column\">\n\t\t\t<div class=\"elementor-widget-wrap elementor-element-populated\">\n\t\t\t\t\t\t\t\t<div class=\"elementor-element elementor-element-1af57c2 elementor-widget elementor-widget-image\" data-id=\"1af57c2\" data-element_type=\"widget\" data-widget_type=\"image.default\">\n\t\t\t\t<div class=\"elementor-widget-container\">\n\t\t\t\t\t\t\t\t\t\t\t\t\t\t\t<img width=\"683\" height=\"1024\" src=\"https:\/\/s-lc.ch\/wp-content\/uploads\/2021\/06\/1_-Marco-Schwarz-Final-2-3-683x1024.jpg\" class=\"attachment-large size-large\" alt=\"\" loading=\"lazy\" \/>\t\t\t\t\t\t\t\t\t\t\t\t\t\t\t<\/div>\n\t\t\t\t<\/div>\n\t\t\t\t\t<\/div>\n\t\t<\/div>\n\t\t\t\t<div class=\"elementor-column elementor-col-66 elementor-top-column elementor-element elementor-element-7b6d20c\" data-id=\"7b6d20c\" data-element_type=\"column\">\n\t\t\t<div class=\"elementor-widget-wrap elementor-element-populated\">\n\t\t\t\t\t\t\t\t<div class=\"elementor-element elementor-element-cfa8315 elementor-widget elementor-widget-text-editor\" data-id=\"cfa8315\" data-element_type=\"widget\" data-widget_type=\"text-editor.default\">\n\t\t\t\t<div class=\"elementor-widget-container\">\n\t\t\t\t\t\t\t<h5>lic.iur. Marco Schwarz<\/h5><p>Geboren 1969<\/p><p>Studium der Jurisprudenz an den Universit\u00e4ten Bern und Basel<\/p><p>Erfahrung als Jurist bei Gerichtsbeh\u00f6rden und in der Privatwirtschaft<\/p><p>T\u00e4tigkeit als Berater von Privatpersonen sowie \u00a0Unternehmen<\/p><p>Sprachen: Deutsch, English, Espa\u00f1ol, Fran\u00e7ais, Italiano, Portugu\u00eas<\/p>\t\t\t\t\t\t<\/div>\n\t\t\t\t<\/div>\n\t\t\t\t\t<\/div>\n\t\t<\/div>\n\t\t\t\t\t\t\t<\/div>\n\t\t<\/section>\n\t\t\t\t\t\t<\/div>\n\t\t\t\t\t<\/div>\n\t\t","protected":false},"excerpt":{"rendered":"<p>lic.iur. Marco Schwarz Geboren 1969 Studium der Jurisprudenz an den Universit\u00e4ten Bern und Basel Erfahrung als Jurist bei Gerichtsbeh\u00f6rden und in der Privatwirtschaft T\u00e4tigkeit als Berater von Privatpersonen sowie \u00a0Unternehmen Sprachen: Deutsch, English, Espa\u00f1ol, Fran\u00e7ais, Italiano, Portugu\u00eas<\/p>\n","protected":false},"author":1,"featured_media":0,"parent":0,"menu_order":0,"comment_status":"closed","ping_status":"closed","template":"","meta":[],"_links":{"self":[{"href":"https:\/\/s-lc.ch\/index.php?rest_route=\/wp\/v2\/pages\/29"}],"collection":[{"href":"https:\/\/s-lc.ch\/index.php?rest_route=\/wp\/v2\/pages"}],"about":[{"href":"https:\/\/s-lc.ch\/index.php?rest_route=\/wp\/v2\/types\/page"}],"author":[{"embeddable":true,"href":"https:\/\/s-lc.ch\/index.php?rest_route=\/wp\/v2\/users\/1"}],"replies":[{"embeddable":true,"href":"https:\/\/s-lc.ch\/index.php?rest_route=%2Fwp%2Fv2%2Fcomments&post=29"}],"version-history":[{"count":7,"href":"https:\/\/s-lc.ch\/index.php?rest_route=\/wp\/v2\/pages\/29\/revisions"}],"predecessor-version":[{"id":98,"href":"https:\/\/s-lc.ch\/index.php?rest_route=\/wp\/v2\/pages\/29\/revisions\/98"}],"wp:attachment":[{"href":"https:\/\/s-lc.ch\/index.php?rest_route=%2Fwp%2Fv2%2Fmedia&parent=29"}],"curies":[{"name":"wp","href":"https:\/\/api.w.org\/{rel}","templated":true}]}}